{"id":208,"date":"2024-11-13T12:25:38","date_gmt":"2024-11-13T11:25:38","guid":{"rendered":"https:\/\/nextbike-live.pluspol-networks.de\/freiburg\/?page_id=208"},"modified":"2026-04-14T09:45:22","modified_gmt":"2026-04-14T07:45:22","slug":"partner","status":"publish","type":"page","link":"https:\/\/www.frelo.de\/de\/partner\/","title":{"rendered":"Partner"},"content":{"rendered":"<div class=\"wpb-content-wrapper\"><p>[vc_row][vc_column][vc_column_text css=&#8220;&#8220;]<\/p>\n<h1 style=\"text-align: center;\">Partner<\/h1>\n<p>[\/vc_column_text][\/vc_column][\/vc_row][vc_row ppi_row_padding=&#8220;ppi_remove_padding_top&#8220;][vc_column width=&#8220;1\/6&#8243;][vc_icon icon_fontawesome=&#8220;fas fa-subway&#8220; color=&#8220;custom&#8220; size=&#8220;lg&#8220; css=&#8220;&#8220; custom_color=&#8220;#ff0000&#8243;][\/vc_column][vc_column width=&#8220;5\/6&#8243;][vc_tta_accordion active_section=&#8220;0&#8243; collapsible_all=&#8220;true&#8220; title=&#8220;RVF Abokund*innen&#8220;][vc_tta_section tab_id=&#8220;institutionen7581-60cb48a0-c33d&#8220; title=&#8220;Verkn\u00fcpfung &amp; Konditionen&#8220;][vc_column_text css=&#8220;&#8220;]<\/p>\n<div class=\" component\">\n<div class=\"row\">\n<div class=\"col-xs-12 html-content\">\n<p>Frelos: 30 Minuten pro Ausleihe eines Frelos sind inklusive. Dar\u00fcber hinaus gilt der Basistarif.<\/p>\n<p>E-Frelos: die ersten 30 Minuten pro Ausleihe sind reduziert auf 1 \u20ac. Dar\u00fcber hinaus gilt der Basistarif.<\/p>\n<p>Lastenfrelos: die ersten 30 Minuten pro Ausleihe sind reduziert auf 1,50 \u20ac. Dar\u00fcber hinaus gilt der Basistarif.<\/p>\n<\/div>\n<\/div>\n<\/div>\n<p>&nbsp;<\/p>\n<p><strong>Verg\u00fcnstigung f\u00fcr RVF-Abokund*innen<\/strong><\/p>\n<p>Die Verg\u00fcnstigung gilt f\u00fcr Kund*innen mit einem <strong>aktiven Abo im RVF<\/strong>.<br \/>\nEinen \u00dcberblick \u00fcber die verschiedenen \u00d6PNV-Abo des RVF findet ihr auf der Website der<\/p>\n<p><strong>Wo finde ich meine Abo-Nummer?<\/strong><\/p>\n<p>Die Abo-Nummer kann je nach Art der Registrierung an unterschiedlichen Stellen zu finden sein.<\/p>\n<ol>\n<li><strong> Registrierung mit Chipkarte<\/strong><\/li>\n<\/ol>\n<ul>\n<li>Die Abo-Nummer steht im <strong>ersten Anschreiben<\/strong>, das ihr per Post erhalten habt, als euch die Chipkarte zugeschickt wurde.<\/li>\n<li>In der <strong> Portal <\/strong>k\u00f6nnt ihr die Abo-Nummer einsehen.<\/li>\n<li>Wenn ihr nur die Chipkarte habt, ist die Abo-Nummer im <strong>E-Mailverkehr meist nicht enthalten<\/strong>.<\/li>\n<\/ul>\n<p>&nbsp;<\/p>\n<ol start=\"2\">\n<li><strong> Registrierung \u00fcber die Wallet (Handyticket)<\/strong><\/li>\n<\/ol>\n<ul>\n<li>Die Abonummer findet ihr in dem <strong>Portal<\/strong><\/li>\n<li>Auf <strong>dem ersten<\/strong> pers\u00f6nlichen Abo-Anschreiben<\/li>\n<li>Sie steht meist auch <strong>direkt auf dem Ticket<\/strong> in der Wallet.<\/li>\n<\/ul>\n<p>Solltest du deine Abo Nummer nicht finden oder weitere Fragen haben, schreibe eine<br \/>\nE-Mail an: <a href=\"mailto:abo@vagfr.de\">abo@vagfr.de<\/a><\/p>\n<p>&nbsp;<\/p>\n<p><strong>Eingabe der Abo-Nummer<\/strong><\/p>\n<p>Die Abo-Nummer besteht aus:<\/p>\n<ul>\n<li>der <strong>Kundennummer<\/strong>, die immer mit <strong>7 beginnt<\/strong>, und<\/li>\n<li>einer <strong>Endziffer nach einem Bindestrich<\/strong>, z. B. -01.<\/li>\n<\/ul>\n<p>Diese Endziffer zeigt an, <strong>das wievielte Abo ihr beim RVF habt<\/strong>.<br \/>\nBeispiel: Wenn ihr ein Deutschlandticket k\u00fcndigt und sp\u00e4ter ein neues Abo abschlie\u00dft, kann eure Nummer z. B. auf -02 enden.<\/p>\n<p>&nbsp;<\/p>\n<p><strong>Wichtig: So muss die Nummer eingegeben werden<\/strong><\/p>\n<p>In der Registrierung muss die Abo-Nummer <strong>in einem bestimmten Format<\/strong> eingegeben werden:<\/p>\n<ul>\n<li><strong>Punkte m\u00fcssen durch Bindestriche ersetzt werden<\/strong><\/li>\n<li><strong>f\u00fchrende Nullen am Ende werden weggelassen<\/strong><\/li>\n<li><strong>falls keine Endziffer angegeben ist, bitte trotzdem -1 oder -2 etc. anh\u00e4ngen<\/strong><\/li>\n<\/ul>\n<p>&nbsp;<\/p>\n<p><strong>Beispiele<\/strong><\/p>\n<table>\n<thead>\n<tr>\n<td><strong>Angezeigte Nummer<\/strong><\/td>\n<td><strong>Eingabe in der App<\/strong><\/td>\n<\/tr>\n<\/thead>\n<tbody>\n<tr>\n<td>7xxxxxxx.01<\/td>\n<td>7xxxxxxx-1<\/td>\n<\/tr>\n<tr>\n<td>7xxxxxxx-01<\/td>\n<td>7xxxxxxx-1<\/td>\n<\/tr>\n<tr>\n<td>7xxxxxxx-0001<\/td>\n<td>7xxxxxxx-1<\/td>\n<\/tr>\n<tr>\n<td>7xxxxxxx<\/td>\n<td>7xxxxxxx-1<\/td>\n<\/tr>\n<\/tbody>\n<\/table>\n<p>&nbsp;<\/p>\n<p><strong>Rabatt aktivieren<\/strong><\/p>\n<p>Den Rabatt k\u00f6nnt ihr bei der Registrierung oder nachtr\u00e4glich in der nextbike App aktivieren:<\/p>\n<ol>\n<li>In der nextbike App unten mittig auf \u201eWallet\u201c gehen<\/li>\n<li>Auf \u201eAktiviere einen Partner-Vorteil\u201c gehen<\/li>\n<li>\u201eRVF Abo\u201c als Partner ausw\u00e4hlen<\/li>\n<li>Abo-Nummer eingeben<\/li>\n<li>Rabatt wird automatisch hinterlegt<\/li>\n<\/ol>\n<p>[\/vc_column_text][\/vc_tta_section][\/vc_tta_accordion][\/vc_column][\/vc_row][vc_row ppi_row_padding=&#8220;ppi_remove_padding_top&#8220;][vc_column width=&#8220;1\/6&#8243;][vc_icon icon_fontawesome=&#8220;fas fa-graduation-cap&#8220; color=&#8220;custom&#8220; size=&#8220;lg&#8220; css=&#8220;&#8220; custom_color=&#8220;#ff0000&#8243;][\/vc_column][vc_column width=&#8220;5\/6&#8243;][vc_tta_accordion active_section=&#8220;0&#8243; collapsible_all=&#8220;true&#8220; title=&#8220;Studierende&#8220;][vc_tta_section tab_id=&#8220;institutionen1bd3-bd6148a0-c33d&#8220; title=&#8220;Verkn\u00fcpfung &amp; Konditionen&#8220;][vc_column_text css=&#8220;&#8220;]30 Minuten pro Ausleihe eines Frelos in Freiburg sind inklusive. Dar\u00fcber hinaus gilt der Basistarif. Es k\u00f6nnen vier R\u00e4der gleichzeitig ausgeliehen werden, die Verg\u00fcnstigung gilt jedoch nur f\u00fcr das erste Rad. Lastenfrelos und E-Frelos sind von der Verg\u00fcnstigung ausgeschlossen.<\/p>\n<p>Die Verg\u00fcnstigung gilt f\u00fcr Studierende folgender Hochschulen:<\/p>\n<ul>\n<li>Albert-Ludwigs-Universit\u00e4t Freiburg<\/li>\n<li>Hochschule f\u00fcr Musik Freiburg<\/li>\n<li>P\u00e4dagogische Hochschule Freiburg<\/li>\n<li>Evangelische Hochschule Freiburg<\/li>\n<li>Katholische Hochschule Freiburg<\/li>\n<\/ul>\n<p>Einfach bei der Registrierung die Hochschul-Email-Adresse angeben.<\/p>\n<p>Bereits registriert aber nicht mit der Hochschul-Email-Adresse? Logge dich auf unserer Webseite mit deinen Zugangsdaten ein, aktualisiere deine E-Mail-Adresse und w\u00e4hle deine Uni als deinen Partner aus, oder informiere unseren Kundenservice unter\u00a0<a href=\"tel:+4930-69205046\">030-69205046<\/a>.[\/vc_column_text][\/vc_tta_section][\/vc_tta_accordion][\/vc_column][\/vc_row]<\/p>\n<\/div>","protected":false},"excerpt":{"rendered":"<p>[vc_row][vc_column][vc_column_text css=&#8220;&#8220;] Partner [\/vc_column_text][\/vc_column][\/vc_row][vc_row ppi_row_padding=&#8220;ppi_remove_padding_top&#8220;][vc_column width=&#8220;1\/6&#8243;][vc_icon icon_fontawesome=&#8220;fas fa-subway&#8220; color=&#8220;custom&#8220; size=&#8220;lg&#8220; css=&#8220;&#8220; custom_color=&#8220;#ff0000&#8243;][\/vc_column][vc_column width=&#8220;5\/6&#8243;][vc_tta_accordion active_section=&#8220;0&#8243; collapsible_all=&#8220;true&#8220; title=&#8220;RVF Abokund*innen&#8220;][vc_tta_section tab_id=&#8220;institutionen7581-60cb48a0-c33d&#8220; title=&#8220;Verkn\u00fcpfung &amp; Konditionen&#8220;][vc_column_text css=&#8220;&#8220;] Frelos: 30 Minuten pro Ausleihe eines Frelos sind inklusive. Dar\u00fcber hinaus gilt der Basistarif. E-Frelos: die ersten 30 Minuten pro Ausleihe sind reduziert auf 1 \u20ac. Dar\u00fcber hinaus gilt der Basistarif. Lastenfrelos: die [&hellip;]<\/p>\n","protected":false},"author":13,"featured_media":0,"parent":0,"menu_order":0,"comment_status":"closed","ping_status":"closed","template":"page-bubble.php","meta":{"_acf_changed":false,"inline_featured_image":false,"footnotes":""},"class_list":["post-208","page","type-page","status-publish","hentry"],"acf":[],"yoast_head":"<!-- This site is optimized with the Yoast SEO plugin v27.2 - https:\/\/yoast.com\/product\/yoast-seo-wordpress\/ -->\n<title>Partner - Frelo<\/title>\n<meta name=\"description\" content=\"RVK-Abonnent*innen und Studierende kooperierender Institutionen genie\u00dfen Freiminuten bei Frelo.\" \/>\n<meta name=\"robots\" content=\"index, follow, max-snippet:-1, max-image-preview:large, max-video-preview:-1\" \/>\n<link rel=\"canonical\" href=\"https:\/\/www.frelo.de\/de\/partner\/\" \/>\n<meta property=\"og:locale\" content=\"de_DE\" \/>\n<meta property=\"og:type\" content=\"article\" \/>\n<meta property=\"og:title\" content=\"Partner - Frelo\" \/>\n<meta property=\"og:description\" content=\"RVK-Abonnent*innen und Studierende kooperierender Institutionen genie\u00dfen Freiminuten bei Frelo.\" \/>\n<meta property=\"og:url\" content=\"https:\/\/www.frelo.de\/de\/partner\/\" \/>\n<meta property=\"og:site_name\" content=\"Frelo\" \/>\n<meta property=\"article:modified_time\" content=\"2026-04-14T07:45:22+00:00\" \/>\n<meta name=\"twitter:card\" content=\"summary_large_image\" \/>\n<meta name=\"twitter:label1\" content=\"Gesch\u00e4tzte Lesezeit\" \/>\n\t<meta name=\"twitter:data1\" content=\"2\u00a0Minuten\" \/>\n<script type=\"application\/ld+json\" class=\"yoast-schema-graph\">{\"@context\":\"https:\/\/schema.org\",\"@graph\":[{\"@type\":\"WebPage\",\"@id\":\"https:\/\/www.frelo.de\/de\/partner\/\",\"url\":\"https:\/\/www.frelo.de\/de\/partner\/\",\"name\":\"Partner - Frelo\",\"isPartOf\":{\"@id\":\"https:\/\/www.frelo.de\/de\/#website\"},\"datePublished\":\"2024-11-13T11:25:38+00:00\",\"dateModified\":\"2026-04-14T07:45:22+00:00\",\"description\":\"RVK-Abonnent*innen und Studierende kooperierender Institutionen genie\u00dfen Freiminuten bei Frelo.\",\"breadcrumb\":{\"@id\":\"https:\/\/www.frelo.de\/de\/partner\/#breadcrumb\"},\"inLanguage\":\"de\",\"potentialAction\":[{\"@type\":\"ReadAction\",\"target\":[\"https:\/\/www.frelo.de\/de\/partner\/\"]}]},{\"@type\":\"BreadcrumbList\",\"@id\":\"https:\/\/www.frelo.de\/de\/partner\/#breadcrumb\",\"itemListElement\":[{\"@type\":\"ListItem\",\"position\":1,\"name\":\"Startseite\",\"item\":\"https:\/\/www.frelo.de\/de\/\"},{\"@type\":\"ListItem\",\"position\":2,\"name\":\"Partner\"}]},{\"@type\":\"WebSite\",\"@id\":\"https:\/\/www.frelo.de\/de\/#website\",\"url\":\"https:\/\/www.frelo.de\/de\/\",\"name\":\"Frelo\",\"description\":\"Jetzt Fahrrad in Freiburg mieten.\",\"potentialAction\":[{\"@type\":\"SearchAction\",\"target\":{\"@type\":\"EntryPoint\",\"urlTemplate\":\"https:\/\/www.frelo.de\/de\/?s={search_term_string}\"},\"query-input\":{\"@type\":\"PropertyValueSpecification\",\"valueRequired\":true,\"valueName\":\"search_term_string\"}}],\"inLanguage\":\"de\"}]}<\/script>\n<!-- \/ Yoast SEO plugin. -->","yoast_head_json":{"title":"Partner - Frelo","description":"RVK-Abonnent*innen und Studierende kooperierender Institutionen genie\u00dfen Freiminuten bei Frelo.","robots":{"index":"index","follow":"follow","max-snippet":"max-snippet:-1","max-image-preview":"max-image-preview:large","max-video-preview":"max-video-preview:-1"},"canonical":"https:\/\/www.frelo.de\/de\/partner\/","og_locale":"de_DE","og_type":"article","og_title":"Partner - Frelo","og_description":"RVK-Abonnent*innen und Studierende kooperierender Institutionen genie\u00dfen Freiminuten bei Frelo.","og_url":"https:\/\/www.frelo.de\/de\/partner\/","og_site_name":"Frelo","article_modified_time":"2026-04-14T07:45:22+00:00","twitter_card":"summary_large_image","twitter_misc":{"Gesch\u00e4tzte Lesezeit":"2\u00a0Minuten"},"schema":{"@context":"https:\/\/schema.org","@graph":[{"@type":"WebPage","@id":"https:\/\/www.frelo.de\/de\/partner\/","url":"https:\/\/www.frelo.de\/de\/partner\/","name":"Partner - Frelo","isPartOf":{"@id":"https:\/\/www.frelo.de\/de\/#website"},"datePublished":"2024-11-13T11:25:38+00:00","dateModified":"2026-04-14T07:45:22+00:00","description":"RVK-Abonnent*innen und Studierende kooperierender Institutionen genie\u00dfen Freiminuten bei Frelo.","breadcrumb":{"@id":"https:\/\/www.frelo.de\/de\/partner\/#breadcrumb"},"inLanguage":"de","potentialAction":[{"@type":"ReadAction","target":["https:\/\/www.frelo.de\/de\/partner\/"]}]},{"@type":"BreadcrumbList","@id":"https:\/\/www.frelo.de\/de\/partner\/#breadcrumb","itemListElement":[{"@type":"ListItem","position":1,"name":"Startseite","item":"https:\/\/www.frelo.de\/de\/"},{"@type":"ListItem","position":2,"name":"Partner"}]},{"@type":"WebSite","@id":"https:\/\/www.frelo.de\/de\/#website","url":"https:\/\/www.frelo.de\/de\/","name":"Frelo","description":"Jetzt Fahrrad in Freiburg mieten.","potentialAction":[{"@type":"SearchAction","target":{"@type":"EntryPoint","urlTemplate":"https:\/\/www.frelo.de\/de\/?s={search_term_string}"},"query-input":{"@type":"PropertyValueSpecification","valueRequired":true,"valueName":"search_term_string"}}],"inLanguage":"de"}]}},"_links":{"self":[{"href":"https:\/\/www.frelo.de\/de\/wp-json\/wp\/v2\/pages\/208","targetHints":{"allow":["GET"]}}],"collection":[{"href":"https:\/\/www.frelo.de\/de\/wp-json\/wp\/v2\/pages"}],"about":[{"href":"https:\/\/www.frelo.de\/de\/wp-json\/wp\/v2\/types\/page"}],"author":[{"embeddable":true,"href":"https:\/\/www.frelo.de\/de\/wp-json\/wp\/v2\/users\/13"}],"replies":[{"embeddable":true,"href":"https:\/\/www.frelo.de\/de\/wp-json\/wp\/v2\/comments?post=208"}],"version-history":[{"count":19,"href":"https:\/\/www.frelo.de\/de\/wp-json\/wp\/v2\/pages\/208\/revisions"}],"predecessor-version":[{"id":452,"href":"https:\/\/www.frelo.de\/de\/wp-json\/wp\/v2\/pages\/208\/revisions\/452"}],"wp:attachment":[{"href":"https:\/\/www.frelo.de\/de\/wp-json\/wp\/v2\/media?parent=208"}],"curies":[{"name":"wp","href":"https:\/\/api.w.org\/{rel}","templated":true}]}}