{"id":194,"date":"2024-11-13T11:29:30","date_gmt":"2024-11-13T10:29:30","guid":{"rendered":"https:\/\/nextbike-live.pluspol-networks.de\/freiburg\/?page_id=194"},"modified":"2026-01-20T15:25:46","modified_gmt":"2026-01-20T14:25:46","slug":"frelo-16","status":"publish","type":"page","link":"https:\/\/www.frelo.de\/de\/frelo-16\/","title":{"rendered":"Frelo ab 16"},"content":{"rendered":"<div class=\"wpb-content-wrapper\"><p>[vc_row][vc_column][vc_column_text css=&#8220;&#8220;]<\/p>\n<h1 style=\"text-align: center;\">Frelo ab 16<\/h1>\n<h4 style=\"text-align: center;\">Du kannst\u00a0Frelo ab 16 im\u00a0Basistarif\u00a0nutzen oder Dich f\u00fcr den verg\u00fcnstigten Jahrestarif entscheiden &#8211; hier kannst Du 30 Minuten pro Ausleihe kostenlos radeln.<\/h4>\n<p>[\/vc_column_text][\/vc_column][\/vc_row][vc_row ppi_row_padding=&#8220;ppi_remove_padding_top&#8220;][vc_column width=&#8220;1\/6&#8243;][vc_icon icon_fontawesome=&#8220;fas fa-user-plus&#8220; color=&#8220;custom&#8220; size=&#8220;lg&#8220; css=&#8220;&#8220; custom_color=&#8220;#ff0000&#8243;][\/vc_column][vc_column width=&#8220;5\/6&#8243;][vc_tta_accordion active_section=&#8220;0&#8243; collapsible_all=&#8220;true&#8220; title=&#8220;So geht&#8217;s&#8220;][vc_tta_section title=&#8220;Registrierung &amp; Freischaltung&#8220; tab_id=&#8220;sogehts&#8220;][vc_column_text css=&#8220;&#8220;]<\/p>\n<ol>\n<li>\u200bDownload:\u00a0<strong><a href=\"https:\/\/www.frelo-freiburg.de\/wp-content\/uploads\/sites\/7\/2025\/06\/Frelo_ab_16_Anmeldeformular.pdf\" target=\"_blank\" rel=\"noopener noreferrer\">Registrierungsformular Frelo ab 16<\/a><\/strong>.<\/li>\n<li>Drucke das\u00a0Formular\u00a0aus und lasse es von einem Erziehungsberechtigten unterzeichnen. Dieser best\u00e4tigt damit die AGB von nextbike.<\/li>\n<li>Du gehst zu einem VAG-Kundenzentrum. Dort legst du das ausgef\u00fcllte Registrierungsformular und unterschriebene (siehe 1.) zusammen mit einem Ausweisdokument (z.B. Personalausweis) vor. Wenn du ein <em>Deutschland-Ticket Jugend BW im Abo<\/em> besitzt, bringe diese bitte zus\u00e4tzlich mit.<\/li>\n<li>Der Mitarbeiter vor Ort legt dann mit dir zusammen ein Kundenkonto an.<\/li>\n<li>Du bekommst die 6-stellige Zugangs-PIN zu deinem Kundenkonto per SMS auf dein Handy zugeschickt.<\/li>\n<li>Jetzt musst du dein Konto mithilfe eines Erziehungsberechtigten noch verifizieren, bevor es freigeschaltet wird. Dazu logst du dich \u00fcber die Webseite\u00a0<a href=\"https:\/\/www.frelo-freiburg.de\/de\/\" target=\"_blank\" rel=\"noopener noreferrer\">www.frelo-freiburg.de<\/a>\u00a0oder die nextbike-App in dein Kundenkonto ein und hinterlegst als Zahlungsmittel\u00a0ein Bankkonto oder die Kreditkarte eines Erziehungsberechtigten.<\/li>\n<li>nextbike schaltet dein Konto nach der \u00dcberpr\u00fcfung frei und es kann losgehen!<\/li>\n<\/ol>\n<h3>VAG-Kundenzentrum:<\/h3>\n<p>VAG pluspunkt<br \/>\nSalzstra\u00dfe 3,<br \/>\n79098 Freiburg<br \/>\n(Mo-Fr: 08 &#8211; 19 Uhr; Sa: 09 &#8211; 15 Uhr)[\/vc_column_text][\/vc_tta_section][\/vc_tta_accordion][\/vc_column][\/vc_row][vc_row ppi_row_padding=&#8220;ppi_remove_padding_top&#8220;][vc_column width=&#8220;1\/6&#8243;][vc_icon icon_fontawesome=&#8220;fas fa-tags&#8220; color=&#8220;custom&#8220; size=&#8220;lg&#8220; css=&#8220;&#8220; custom_color=&#8220;#ff0000&#8243;][\/vc_column][vc_column width=&#8220;5\/6&#8243;][vc_tta_accordion active_section=&#8220;0&#8243; collapsible_all=&#8220;true&#8220; title=&#8220;Konditionen&#8220;][vc_tta_section title=&#8220;Genie\u00dfe Freiminuten&#8220; tab_id=&#8220;konditionen&#8220;][vc_column_text css=&#8220;&#8220;]<u>Normaltarif:<\/u><\/p>\n<ul>\n<li>keine j\u00e4hrliche Grundgeb\u00fchr<\/li>\n<\/ul>\n<ul>\n<li>1\u20ac\/30 Minuten<\/li>\n<\/ul>\n<ul>\n<li>Tagesh\u00f6chstsatz 12,00\u20ac<\/li>\n<\/ul>\n<p><u>Sonderkonditionen Deutschland-Ticket Jugend BW im Abo:<\/u><\/p>\n<ul>\n<li>30 Minuten pro Ausleihe kostenlos<\/li>\n<\/ul>\n<ul>\n<li>dar\u00fcber hinaus wird im Basistarif abgerechnet<\/li>\n<\/ul>\n<ul>\n<li>bitte <em>Deutschland-Ticket Jugend BW im Abo<\/em> bei Registrierung in Mobilit\u00e4tszentrale vorlegen<\/li>\n<\/ul>\n<p>&nbsp;<\/p>\n<p>Nach beendeter Ausleihe, kannst Du erst nach 15 Minuten Unterbrechung wieder ein Rad kostenlos ausleihen.<\/p>\n<p>Es k\u00f6nnen bis zu vier R\u00e4der gleichzeitig auf einen Account ausgeliehen werden, die Verg\u00fcnstigung gilt aber nur f\u00fcr ein Fahrrad. LastenFrelos sind von der Verg\u00fcnstigung ausgeschlossen.[\/vc_column_text][\/vc_tta_section][\/vc_tta_accordion][\/vc_column][\/vc_row]<\/p>\n<\/div>","protected":false},"excerpt":{"rendered":"<p>[vc_row][vc_column][vc_column_text css=&#8220;&#8220;] Frelo ab 16 Du kannst\u00a0Frelo ab 16 im\u00a0Basistarif\u00a0nutzen oder Dich f\u00fcr den verg\u00fcnstigten Jahrestarif entscheiden &#8211; hier kannst Du 30 Minuten pro Ausleihe kostenlos radeln. [\/vc_column_text][\/vc_column][\/vc_row][vc_row ppi_row_padding=&#8220;ppi_remove_padding_top&#8220;][vc_column width=&#8220;1\/6&#8243;][vc_icon icon_fontawesome=&#8220;fas fa-user-plus&#8220; color=&#8220;custom&#8220; size=&#8220;lg&#8220; css=&#8220;&#8220; custom_color=&#8220;#ff0000&#8243;][\/vc_column][vc_column width=&#8220;5\/6&#8243;][vc_tta_accordion active_section=&#8220;0&#8243; collapsible_all=&#8220;true&#8220; title=&#8220;So geht&#8217;s&#8220;][vc_tta_section title=&#8220;Registrierung &amp; Freischaltung&#8220; tab_id=&#8220;sogehts&#8220;][vc_column_text css=&#8220;&#8220;] \u200bDownload:\u00a0Registrierungsformular Frelo ab 16. Drucke das\u00a0Formular\u00a0aus und lasse es [&hellip;]<\/p>\n","protected":false},"author":13,"featured_media":0,"parent":0,"menu_order":0,"comment_status":"closed","ping_status":"closed","template":"page-bubble.php","meta":{"_acf_changed":false,"inline_featured_image":false,"footnotes":""},"class_list":["post-194","page","type-page","status-publish","hentry"],"acf":[],"yoast_head":"<!-- This site is optimized with the Yoast SEO plugin v27.2 - https:\/\/yoast.com\/product\/yoast-seo-wordpress\/ -->\n<title>Frelo ab 16 - Frelo<\/title>\n<meta name=\"description\" content=\"Du kannst\u00a0Frelo ab 16 Jahren nutzen. Erfahre, wie du ein Konto er\u00f6ffnest.\" \/>\n<meta name=\"robots\" content=\"index, follow, max-snippet:-1, max-image-preview:large, max-video-preview:-1\" \/>\n<link rel=\"canonical\" href=\"https:\/\/www.frelo.de\/de\/frelo-16\/\" \/>\n<meta property=\"og:locale\" content=\"de_DE\" \/>\n<meta property=\"og:type\" content=\"article\" \/>\n<meta property=\"og:title\" content=\"Frelo ab 16 - Frelo\" \/>\n<meta property=\"og:description\" content=\"Du kannst\u00a0Frelo ab 16 Jahren nutzen. Erfahre, wie du ein Konto er\u00f6ffnest.\" \/>\n<meta property=\"og:url\" content=\"https:\/\/www.frelo.de\/de\/frelo-16\/\" \/>\n<meta property=\"og:site_name\" content=\"Frelo\" \/>\n<meta property=\"article:modified_time\" content=\"2026-01-20T14:25:46+00:00\" \/>\n<meta name=\"twitter:card\" content=\"summary_large_image\" \/>\n<meta name=\"twitter:label1\" content=\"Gesch\u00e4tzte Lesezeit\" \/>\n\t<meta name=\"twitter:data1\" content=\"2\u00a0Minuten\" \/>\n<script type=\"application\/ld+json\" class=\"yoast-schema-graph\">{\"@context\":\"https:\/\/schema.org\",\"@graph\":[{\"@type\":\"WebPage\",\"@id\":\"https:\/\/www.frelo.de\/de\/frelo-16\/\",\"url\":\"https:\/\/www.frelo.de\/de\/frelo-16\/\",\"name\":\"Frelo ab 16 - Frelo\",\"isPartOf\":{\"@id\":\"https:\/\/www.frelo.de\/de\/#website\"},\"datePublished\":\"2024-11-13T10:29:30+00:00\",\"dateModified\":\"2026-01-20T14:25:46+00:00\",\"description\":\"Du kannst\u00a0Frelo ab 16 Jahren nutzen. Erfahre, wie du ein Konto er\u00f6ffnest.\",\"breadcrumb\":{\"@id\":\"https:\/\/www.frelo.de\/de\/frelo-16\/#breadcrumb\"},\"inLanguage\":\"de\",\"potentialAction\":[{\"@type\":\"ReadAction\",\"target\":[\"https:\/\/www.frelo.de\/de\/frelo-16\/\"]}]},{\"@type\":\"BreadcrumbList\",\"@id\":\"https:\/\/www.frelo.de\/de\/frelo-16\/#breadcrumb\",\"itemListElement\":[{\"@type\":\"ListItem\",\"position\":1,\"name\":\"Startseite\",\"item\":\"https:\/\/www.frelo.de\/de\/\"},{\"@type\":\"ListItem\",\"position\":2,\"name\":\"Frelo ab 16\"}]},{\"@type\":\"WebSite\",\"@id\":\"https:\/\/www.frelo.de\/de\/#website\",\"url\":\"https:\/\/www.frelo.de\/de\/\",\"name\":\"Frelo\",\"description\":\"Jetzt Fahrrad in Freiburg mieten.\",\"potentialAction\":[{\"@type\":\"SearchAction\",\"target\":{\"@type\":\"EntryPoint\",\"urlTemplate\":\"https:\/\/www.frelo.de\/de\/?s={search_term_string}\"},\"query-input\":{\"@type\":\"PropertyValueSpecification\",\"valueRequired\":true,\"valueName\":\"search_term_string\"}}],\"inLanguage\":\"de\"}]}<\/script>\n<!-- \/ Yoast SEO plugin. -->","yoast_head_json":{"title":"Frelo ab 16 - Frelo","description":"Du kannst\u00a0Frelo ab 16 Jahren nutzen. Erfahre, wie du ein Konto er\u00f6ffnest.","robots":{"index":"index","follow":"follow","max-snippet":"max-snippet:-1","max-image-preview":"max-image-preview:large","max-video-preview":"max-video-preview:-1"},"canonical":"https:\/\/www.frelo.de\/de\/frelo-16\/","og_locale":"de_DE","og_type":"article","og_title":"Frelo ab 16 - Frelo","og_description":"Du kannst\u00a0Frelo ab 16 Jahren nutzen. Erfahre, wie du ein Konto er\u00f6ffnest.","og_url":"https:\/\/www.frelo.de\/de\/frelo-16\/","og_site_name":"Frelo","article_modified_time":"2026-01-20T14:25:46+00:00","twitter_card":"summary_large_image","twitter_misc":{"Gesch\u00e4tzte Lesezeit":"2\u00a0Minuten"},"schema":{"@context":"https:\/\/schema.org","@graph":[{"@type":"WebPage","@id":"https:\/\/www.frelo.de\/de\/frelo-16\/","url":"https:\/\/www.frelo.de\/de\/frelo-16\/","name":"Frelo ab 16 - Frelo","isPartOf":{"@id":"https:\/\/www.frelo.de\/de\/#website"},"datePublished":"2024-11-13T10:29:30+00:00","dateModified":"2026-01-20T14:25:46+00:00","description":"Du kannst\u00a0Frelo ab 16 Jahren nutzen. Erfahre, wie du ein Konto er\u00f6ffnest.","breadcrumb":{"@id":"https:\/\/www.frelo.de\/de\/frelo-16\/#breadcrumb"},"inLanguage":"de","potentialAction":[{"@type":"ReadAction","target":["https:\/\/www.frelo.de\/de\/frelo-16\/"]}]},{"@type":"BreadcrumbList","@id":"https:\/\/www.frelo.de\/de\/frelo-16\/#breadcrumb","itemListElement":[{"@type":"ListItem","position":1,"name":"Startseite","item":"https:\/\/www.frelo.de\/de\/"},{"@type":"ListItem","position":2,"name":"Frelo ab 16"}]},{"@type":"WebSite","@id":"https:\/\/www.frelo.de\/de\/#website","url":"https:\/\/www.frelo.de\/de\/","name":"Frelo","description":"Jetzt Fahrrad in Freiburg mieten.","potentialAction":[{"@type":"SearchAction","target":{"@type":"EntryPoint","urlTemplate":"https:\/\/www.frelo.de\/de\/?s={search_term_string}"},"query-input":{"@type":"PropertyValueSpecification","valueRequired":true,"valueName":"search_term_string"}}],"inLanguage":"de"}]}},"_links":{"self":[{"href":"https:\/\/www.frelo.de\/de\/wp-json\/wp\/v2\/pages\/194","targetHints":{"allow":["GET"]}}],"collection":[{"href":"https:\/\/www.frelo.de\/de\/wp-json\/wp\/v2\/pages"}],"about":[{"href":"https:\/\/www.frelo.de\/de\/wp-json\/wp\/v2\/types\/page"}],"author":[{"embeddable":true,"href":"https:\/\/www.frelo.de\/de\/wp-json\/wp\/v2\/users\/13"}],"replies":[{"embeddable":true,"href":"https:\/\/www.frelo.de\/de\/wp-json\/wp\/v2\/comments?post=194"}],"version-history":[{"count":10,"href":"https:\/\/www.frelo.de\/de\/wp-json\/wp\/v2\/pages\/194\/revisions"}],"predecessor-version":[{"id":333,"href":"https:\/\/www.frelo.de\/de\/wp-json\/wp\/v2\/pages\/194\/revisions\/333"}],"wp:attachment":[{"href":"https:\/\/www.frelo.de\/de\/wp-json\/wp\/v2\/media?parent=194"}],"curies":[{"name":"wp","href":"https:\/\/api.w.org\/{rel}","templated":true}]}}